{"id":309,"date":"2015-06-15T15:42:18","date_gmt":"2015-06-15T15:42:18","guid":{"rendered":"http:\/\/shk.nu\/?page_id=309"},"modified":"2025-05-04T10:23:44","modified_gmt":"2025-05-04T10:23:44","slug":"hall-of-fame","status":"publish","type":"page","link":"http:\/\/shk.nu\/?page_id=309","title":{"rendered":"Hall of Fame"},"content":{"rendered":"<div id=\"right_start\">\n<div id=\"under_content\">\n<p><strong>Travsportens Hall Of Fame \u00e4r ett samarbete mellan Svenska H\u00e4stsportjournalisters Klubb (SHK) och Norske Travjournalisters Klubb och Nordiska Travmuseet i \u00c5rj\u00e4ng. Sedan 2007 har varje \u00e5r n\u00e5gra av travets storheter hedrats med en plats i Hall Of Fame.<\/strong><\/p>\n<p>Det \u00e4r en kommitt\u00e9 best\u00e5ende av representanter f\u00f6r de b\u00e5da l\u00e4ndernas journalistklubbar som fattar beslut om vilka travsportprofiler som ska v\u00e4ljas in i Hall Of Fame.<\/p>\n<h3>Hittills invalda:<\/h3>\n<h3 style=\"text-align: left;\"><strong>2007<\/strong><\/h3>\n<ul>\n<li><a href=\"http:\/\/travmuseet.com\/index.php?page=soeren-nordin\">S\u00f6ren Nordin<\/a><\/li>\n<li><a href=\"http:\/\/travmuseet.com\/index.php?page=ulf-thoresen\">Ulf Thoresen<\/a><\/li>\n<\/ul>\n<h3><strong>2008<\/strong><\/h3>\n<ul>\n<li><a href=\"http:\/\/travmuseet.com\/index.php?page=stig-h-johansson\">Stig H Johansson<\/a><\/li>\n<li><a href=\"http:\/\/travmuseet.com\/index.php?page=steggbest\">Steggbest<\/a><\/li>\n<\/ul>\n<h3><strong><br \/>2009<\/strong><\/h3>\n<ul>\n<li><a href=\"http:\/\/travmuseet.com\/index.php?page=big-noon\">Big Noon<\/a><\/li>\n<li><a href=\"http:\/\/travmuseet.com\/index.php?page=karsten-buer-2\">Karsten Buer<\/a><\/li>\n<\/ul>\n<h3><strong>2010<\/strong><\/h3>\n<ul>\n<li><a href=\"http:\/\/travmuseet.com\/index.php?page=bulwark\">Bulwark<\/a><\/li>\n<li><a href=\"http:\/\/travmuseet.com\/index.php?page=rex-rodney\">Rex Rodney<\/a><\/li>\n<\/ul>\n<h3><strong>2011<\/strong><\/h3>\n<ul>\n<li><a href=\"http:\/\/travmuseet.com\/index.php?page=berndt-lindstedt\">Berndt Lindstedt<\/a><\/li>\n<li><a href=\"http:\/\/travmuseet.com\/index.php?page=alm-svarten\">Alm Svarten<\/a><\/li>\n<\/ul>\n<h3><strong>2012<\/strong><\/h3>\n<ul>\n<li><a href=\"http:\/\/travmuseet.com\/index.php?page=uno-swed\">Uno Swed<\/a><\/li>\n<li><a href=\"http:\/\/travmuseet.com\/index.php?page=frances-bulwark\">Frances Bulwark<\/a><\/li>\n<li><a href=\"http:\/\/travmuseet.com\/index.php?page=gunnar-eggen\">Gunnar Eggen<\/a><\/li>\n<\/ul>\n<h3>2013<\/h3>\n<ul>\n<li><a href=\"http:\/\/travmuseet.com\/index.php?page=gert-lindberg-3\">Gert Lindberg<\/a><\/li>\n<li><a href=\"http:\/\/travmuseet.com\/index.php?page=legolas\">Legolas<\/a><\/li>\n<li><a href=\"http:\/\/travmuseet.com\/index.php?page=egil-alnas\">Egil Aln\u00e6s<\/a><\/li>\n<li><a href=\"http:\/\/travmuseet.com\/index.php?page=kjell-carlsen\">Kjell Carlsen<\/a><\/li>\n<li><a href=\"http:\/\/travmuseet.com\/index.php?page=olle-goop\">Olle Goop<\/a><\/li>\n<li><a href=\"http:\/\/travmuseet.com\/index.php?page=vintilla\">Vintilla<\/a><\/li>\n<li><a href=\"http:\/\/travmuseet.com\/index.php?page=margareta-wallenius-kleberg\">Margareta Wallenius-Kleberg<\/a><\/li>\n<li><a href=\"http:\/\/travmuseet.com\/index.php?page=ina-scot\">Ina Scot<\/a><\/li>\n<li><a href=\"http:\/\/travmuseet.com\/index.php?page=jaervsoefaks\">J\u00e4rvs\u00f6faks<\/a><\/li>\n<li><a href=\"http:\/\/travmuseet.com\/index.php?page=ego-boy\">Ego Boy<\/a><\/li>\n<li><a href=\"http:\/\/travmuseet.com\/index.php?page=stig-lindmark\">Stig Lindmark<\/a><\/li>\n<li><a href=\"http:\/\/travmuseet.com\/index.php?page=gunnar-nordin\">Gunnar Nordin<\/a><\/li>\n<li><a href=\"http:\/\/travmuseet.com\/index.php?page=goesta-nordin\">G\u00f6sta Nordin<\/a><\/li>\n<li><a href=\"http:\/\/travmuseet.com\/index.php?page=express-gaxe\">Express Gaxe<\/a><\/li>\n<li><a href=\"http:\/\/travmuseet.com\/index.php?page=lars-lindberg\">Lars Lindberg<\/a><\/li>\n<\/ul>\n<h3>2014<\/h3>\n<ul>\n<li><a href=\"http:\/\/travmuseet.com\/index.php?page=victory-tilly\">Victory Tilly<\/a><\/li>\n<li><a href=\"http:\/\/travmuseet.com\/index.php?page=queen-l\">Queen L.<\/a><\/li>\n<li><a href=\"http:\/\/travmuseet.com\/index.php?page=sjunga-best\">Sjunga Best<\/a><\/li>\n<li><a href=\"http:\/\/travmuseet.com\/index.php?page=atom-vinter\">Atom Vinter<\/a><\/li>\n<li><a href=\"http:\/\/travmuseet.com\/index.php?page=trygve-diskerud\">Trygve Diskerud<\/a><\/li>\n<li><a href=\"http:\/\/travmuseet.com\/index.php?page=stefan-melander\">Stefan Melander<\/a><br \/>\n<h3 style=\"text-align: left;\">2015<\/h3>\n<\/li>\n<\/ul>\n<ul>\n<li><a href=\"http:\/\/travmuseet.com\/index.php?page=tamin-sandy\">Tamin Sandy<\/a><\/li>\n<li><a href=\"http:\/\/travmuseet.com\/index.php?page=bork-rigel\">Bork Rigel<\/a><\/li>\n<li><a href=\"http:\/\/travmuseet.com\/index.php?page=copiad\">Copiad<\/a><\/li>\n<li><a href=\"http:\/\/travmuseet.com\/index.php?page=bo-fransson\">Bo Fransson<\/a><\/li>\n<li><a href=\"http:\/\/travmuseet.com\/index.php?page=hakan-wallner\">H\u00e5kan Wallner<\/a><\/li>\n<li><a href=\"http:\/\/travmuseet.com\/index.php?page=oerjan-kihlstroem\">\u00d6rjan Kihlstr\u00f6m<\/a><\/li>\n<\/ul>\n<h3>2016<\/h3>\n<ul>\n<li><a href=\"http:\/\/travmuseet.com\/index.php?page=john-buer\">John Buer<\/a><\/li>\n<li><a href=\"http:\/\/travmuseet.com\/index.php?page=einar-andersson\">Einar Andersson<\/a><\/li>\n<li><a href=\"http:\/\/travmuseet.com\/index.php?page=algot-scott\">Algot Scott<\/a><\/li>\n<li><a href=\"http:\/\/travmuseet.com\/index.php?page=bjoern-goop\">Bj\u00f6rn Goop<\/a><\/li>\n<\/ul>\n<\/div>\n<div id=\"under_right\">\n<h3>2017<\/h3>\n<p><a href=\"http:\/\/travmuseet.com\/index.php?page=steinlager\">Steinlager<\/a><br \/><a href=\"http:\/\/travmuseet.com\/index.php?page=ake-svanstedt\">\u00c5ke Svanstedt<\/a><br \/><a href=\"http:\/\/travmuseet.com\/index.php?page=stefan-hultman\">Stefan Hultman<\/a><\/p>\n<h3>2018<\/h3>\n<p><a href=\"https:\/\/www.travmuseet.com\/hall-of-fame\/elding\/\">Elding<\/a><\/p>\n<p><a href=\"https:\/\/www.travmuseet.com\/hall-of-fame\/viking-kronos\/\">Viking Kronos<\/a><\/p>\n<p><a href=\"https:\/\/www.travmuseet.com\/hall-of-fame\/torbjorn-jansson\/\">Torbj\u00f6rn Jansson<\/a><\/p>\n<h3>2019<\/h3>\n<p><a href=\"https:\/\/travmuseet.com\/hall-of-fame\/jorma-kontio\/\">Jorma Kontio<\/a><\/p>\n<p><a href=\"https:\/\/travmuseet.com\/hall-of-fame\/roger-walmann\/\">Roger Walmann<\/a><\/p>\n<p><a href=\"https:\/\/travmuseet.com\/hall-of-fame\/jimmy-takter\/\">Jimmy Takter<\/a><\/p>\n<p><a href=\"https:\/\/travmuseet.com\/hall-of-fame\/scarlet-knight\/\">Scarlet Knight<\/a><\/p>\n<h3>2020<\/h3>\n<p><a href=\"https:\/\/travmuseet.com\/hall-of-fame\/hall-of-fame-erik-berglof\/\">Erik Bergl\u00f6f<\/a><\/p>\n<p><a href=\"https:\/\/travmuseet.com\/hall-of-fame\/hall-of-fame-jim-frick\/\">Jim Frick<\/a><\/p>\n<p><a href=\"https:\/\/travmuseet.com\/hall-of-fame\/hall-of-fame-moe-odin\/\">Moe Odin<\/a><\/p>\n<h3>2021<\/h3>\n<p><a href=\"https:\/\/travmuseet.com\/hall-of-fame\/hall-of-fame-lutfi-kolgjini\/\">Lutfi Kolgjini<\/a><\/p>\n<p><a href=\"https:\/\/www.travmuseet.com\/hall-of-fame\/hall-of-fame-ove-wassberg\/\">Ove Wassberg<\/a><\/p>\n<p>Maharajah<\/p>\n<\/div>\n<h3>2022<\/h3>\n<p><a href=\"https:\/\/travmuseet.com\/hall-of-fame\/hall-of-fame-jomar-blekkan\/\">Jomar Blekkan<\/a><\/p>\n<p><a href=\"https:\/\/www.travmuseet.com\/hall-of-fame\/hall-of-fame-liv-haslie\/\">Liv Haslie<\/a><\/p>\n<p><a href=\"https:\/\/www.travmuseet.com\/hall-of-fame\/hall-of-fame-timo-nurmos\/\">Timo Nurmos<\/a><\/p>\n<p><a href=\"https:\/\/travmuseet.com\/hall-of-fame\/hall-of-fame-robert-bergh\/\">Robert Bergh<\/a><\/p>\n<p><a href=\"https:\/\/www.travmuseet.com\/hall-of-fame\/hall-of-fame-readly-express\/\">Readly Express<\/a><\/p>\n<h3>2023<\/h3>\n<p><a href=\"https:\/\/travmuseet.com\/hall-of-fame\/hall-of-fame-jan-olov-persson\/\">Jan-Olov Persson<\/a><\/p>\n<p><a href=\"https:\/\/www.travmuseet.com\/hall-of-fame\/hall-of-fame-julienne\/\">Julienne<\/a><\/p>\n<p><a href=\"https:\/\/www.travmuseet.com\/hall-of-fame\/hall-of-fame-shan-rags\/\">Shan Rags<\/a><\/p>\n<h3>2024<\/h3>\n<p><a href=\"https:\/\/travmuseet.com\/hall-of-fame\/hall-of-fame-erik-adielsson\/\">Erik Adielsson<\/a><\/p>\n<p><a href=\"https:\/\/travmuseet.com\/hall-of-fame\/hall-of-fame-svante-bath\/\">Svante B\u00e5th<\/a><\/p>\n<p><a href=\"https:\/\/travmuseet.com\/hall-of-fame\/hall-of-fame-helen-a-johansson\/\">Helen A Johansson<\/a><\/p>\n<p><a href=\"https:\/\/travmuseet.com\/hall-of-fame\/hall-of-fame-spikeld\/\">Spikeld<\/a><\/p>\n<p>&nbsp;<\/p>\n<\/div>\n\n\n<h3 class=\"wp-block-heading\">2021<\/h3>\n\n\n\n<p><a href=\"https:\/\/travmuseet.com\/hall-of-fame\/hall-of-fame-lutfi-kolgjini\/\">Lutfi Kolgjini<\/a><\/p>\n\n\n\n<p><a href=\"https:\/\/www.travmuseet.com\/hall-of-fame\/hall-of-fame-ove-wassberg\/\">Ove Wassberg<\/a><\/p>\n\n\n\n<p><a href=\"https:\/\/www.travmuseet.com\/hall-of-fame\/hall-of-fame-maharajah\/\">Maharajah<\/a><\/p>\n\n\n\n<p><\/p>\n","protected":false},"excerpt":{"rendered":"<p>Travsportens Hall Of Fame \u00e4r ett samarbete mellan Svenska H\u00e4stsportjournalisters Klubb (SHK) och Norske Travjournalisters Klubb och Nordiska Travmuseet i \u00c5rj\u00e4ng. Sedan 2007 har varje \u00e5r n\u00e5gra av travets storheter hedrats med en plats i Hall Of Fame. Det \u00e4r en kommitt\u00e9 best\u00e5ende av representanter f\u00f6r de b\u00e5da l\u00e4ndernas journalistklubbar som fattar beslut om vilka &hellip; <a href=\"http:\/\/shk.nu\/?page_id=309\" class=\"more-link\">Continue reading <span class=\"screen-reader-text\">Hall of Fame<\/span> <span class=\"meta-nav\">&rarr;<\/span><\/a><\/p>\n","protected":false},"author":2,"featured_media":0,"parent":0,"menu_order":0,"comment_status":"closed","ping_status":"closed","template":"","meta":{"footnotes":""},"_links":{"self":[{"href":"http:\/\/shk.nu\/index.php?rest_route=\/wp\/v2\/pages\/309"}],"collection":[{"href":"http:\/\/shk.nu\/index.php?rest_route=\/wp\/v2\/pages"}],"about":[{"href":"http:\/\/shk.nu\/index.php?rest_route=\/wp\/v2\/types\/page"}],"author":[{"embeddable":true,"href":"http:\/\/shk.nu\/index.php?rest_route=\/wp\/v2\/users\/2"}],"replies":[{"embeddable":true,"href":"http:\/\/shk.nu\/index.php?rest_route=%2Fwp%2Fv2%2Fcomments&post=309"}],"version-history":[{"count":18,"href":"http:\/\/shk.nu\/index.php?rest_route=\/wp\/v2\/pages\/309\/revisions"}],"predecessor-version":[{"id":711,"href":"http:\/\/shk.nu\/index.php?rest_route=\/wp\/v2\/pages\/309\/revisions\/711"}],"wp:attachment":[{"href":"http:\/\/shk.nu\/index.php?rest_route=%2Fwp%2Fv2%2Fmedia&parent=309"}],"curies":[{"name":"wp","href":"https:\/\/api.w.org\/{rel}","templated":true}]}}