{"id":33,"date":"2014-06-28T18:27:39","date_gmt":"2014-06-28T18:27:39","guid":{"rendered":"http:\/\/shk.nu\/?page_id=33"},"modified":"2015-05-02T09:19:34","modified_gmt":"2015-05-02T09:19:34","slug":"stadgar","status":"publish","type":"page","link":"http:\/\/shk.nu\/?page_id=33","title":{"rendered":"Klubbens stadgar"},"content":{"rendered":"<p>1. \u00c4NDAM\u00c5L<br \/>\nSvenska H\u00e4stsportjournalisters Klubb (SHK) \u00e4r en intresse- och serviceorganisation f\u00f6r landets trav- och galoppjournalister.<\/p>\n<p>SHK har till uppgift:<\/p>\n<p>att verka f\u00f6r god sammanh\u00e5llning och gott kamratskap mellan medlemmarna,<\/p>\n<p>att sl\u00e5 vakt om yrkets etiska och moraliska v\u00e4rden samt d\u00e4rigenom verka f\u00f6r att h\u00e4stsportjournalistiken ut\u00f6vas enligt god publicistisk sed,<\/p>\n<p>att tillvarata medlemmarnas intressen i f\u00f6rh\u00e5llande till h\u00e4stsportens organisationer,<\/p>\n<p>att verka f\u00f6r att medlemmar skall f\u00e5 s\u00e5 bra arbetsm\u00f6jligheter som m\u00f6jligt i samband med t\u00e4vlingar,<\/p>\n<p>att bist\u00e5 t\u00e4vlingsarrang\u00f6rer i fr\u00e5gor r\u00f6rande service, arbetsf\u00f6rh\u00e5llanden och ackrediteringar,<\/p>\n<p>att verka f\u00f6r att f\u00f6rb\u00e4ttra h\u00e4stsportjournalistiken genom utbildning, f\u00f6rel\u00e4sningar och resor.<\/p>\n<p>2. MEDLEMSKAP<br \/>\nMedlem i SHK kan den bli som ut\u00f6var regelbunden verksamhet som h\u00e4stsportjournalist eller -fotograf och d\u00e4rvid \u00e4r fast knuten som medarbetare till dagstidning, facktidning eller annan publikation som regelbundet avhandlar h\u00e4stsport.<br \/>\nTill medlem kan ocks\u00e5 v\u00e4ljas den som arbetar p\u00e5 TV eller radio och d\u00e4r regelbundet refererar h\u00e4stsport. Styrelsen beslutar om inval och uteslutning av medlemmar.<br \/>\nMedlem som skadat klubbens anseende , eller ej erlagt \u00e5rsavgift, kan uteslutas av styrelsen.<br \/>\nMedlem som slutar sin anst\u00e4llning, vilken ber\u00e4ttigat till medlemsskap, \u00e4r skyldig att l\u00e4mna klubben och \u00e5terl\u00e4mna av SHK utf\u00e4rdat presskort.<br \/>\nDen som fyllt 65 \u00e5r och som slutat att arbeta aktivt som h\u00e4stsportjournalist, som varit medlem under de tio senaste \u00e5ren \u00f6verg\u00e5r fr\u00e5n aktivt medlemskap till att bli seniormedlem med reducerad medlemsavgift.<br \/>\nTill hedersledamot kan av \u00e5rsm\u00f6tet, p\u00e5 styrelsens f\u00f6rslag, v\u00e4ljas person som gjort \u00e5tskilligt av v\u00e4rde f\u00f6r klubben.<\/p>\n<p>3. ORGANISATION<br \/>\nOrdf\u00f6rande v\u00e4ljs av \u00e5rsm\u00f6tet f\u00f6r en mandatperiod av ett \u00e5r.<br \/>\nYtterligare sex styrelseledam\u00f6ter v\u00e4ljs av \u00e5rsm\u00f6tet, varav tre v\u00e4ljs j\u00e4mnt \u00e5r och tre oj\u00e4mnt \u00e5r. Tv\u00e5 suppleanter v\u00e4ljs varje \u00e5r.<br \/>\nStyrelsen utser inom sig vice ordf\u00f6rande, kass\u00f6r och sekreterare f\u00f6r ett \u00e5r.<br \/>\nStyrelsen utser inom sig ett verkst\u00e4llande utskott (VU) och andra utskott om s\u00e5 anses vara n\u00f6dv\u00e4ndigt.<br \/>\n\u00c5rsm\u00f6tet v\u00e4ljer tv\u00e5 revisorer samt en personlig suppleant till varje revisor f\u00f6r ett \u00e5r i taget.<br \/>\n\u00c5rsm\u00f6tet v\u00e4ljer valberedning om tre personer, med en sammankallande, som skall verka till n\u00e4stkommande \u00e5rsm\u00f6te.<\/p>\n<p>4. \u00c5RSM\u00d6TET<br \/>\nOrdinarie \u00e5rsm\u00f6te \u00e4ger rum senast 1 mars p\u00e5 tid och plats som beslutas av styrelsen. R\u00f6str\u00e4tt har den medlem som erlagt \u00e5rsavgift. Styrelsen fastst\u00e4ller dagordningen. F\u00f6rslag till \u00e4rende som skall tas upp under \u00e5rsm\u00f6tet skall skriftligen tillst\u00e4llas styrelsen senast sex dagar f\u00f6re \u00e5rsm\u00f6tet.<br \/>\nVal p\u00e5 \u00e5rsm\u00f6tet sker med enkel majoritet. Valen \u00e4r \u00f6ppna om inte medlem beg\u00e4r sluten omr\u00f6stning.<br \/>\nKallelse och styrelsens verksamhetsber\u00e4ttelse skall tills\u00e4ndas medlemmarna senast tv\u00e5 veckor f\u00f6re \u00e5rsm\u00f6tet.<br \/>\nBokf\u00f6rings\u00e5ret omfattar tiden fr\u00e5n 1 januari till 31 december.<\/p>\n<p>5. \u00d6VRIGA M\u00d6TEN<br \/>\nExtra medlemsm\u00f6te skall ske d\u00e5 styrelsen kallar till s\u00e5dant eller d\u00e5 minst 1\/3 av klubbens medlemmar skriftligen beg\u00e4r s\u00e5dant.<br \/>\nStyrelsen sammantr\u00e4der p\u00e5 kallelse av ordf\u00f6randen eller d\u00e5 minst fyra ledam\u00f6ter s\u00e5 beg\u00e4r. Styrelsen \u00e4r beslutsm\u00e4ssig d\u00e5 minst fyra ledam\u00f6ter (eller suppleanter) \u00e4r n\u00e4rvarande.<br \/>\nVid lika r\u00f6stetal i styrelsen har ordf\u00f6randen utslagsr\u00f6st. I ordf\u00f6randens fr\u00e5nvaro leder vice ordf\u00f6randen f\u00f6rhandlingarna. Om b\u00e5da \u00e4r fr\u00e5nvarande v\u00e4ljer de n\u00e4rvarande en person som leder f\u00f6rhandlingarna.<br \/>\nProtokoll fr\u00e5n styrelsem\u00f6te skall justeras av ordf\u00f6randen eller den som lett f\u00f6rhandlingarna.<\/p>\n<p>6. STADGAR<br \/>\nStadge\u00e4ndring kan beslutas av \u00e5rsm\u00f6tet med minst 2\/3 majoritet. F\u00f6rslag till stadge\u00e4ndring skall v\u00e4ckas senast 30 dagar f\u00f6re \u00e5rsm\u00f6tet och skall skriftligen meddelas medlemmarna senast 14 dagar f\u00f6re \u00e5rsm\u00f6tet d\u00e4r f\u00f6rslaget skall behandlas.<\/p>\n<p>7. UPPL\u00d6SNING<br \/>\nF\u00f6r klubbens uppl\u00f6sning erfordras beslut med minst \u00be majoritet i tv\u00e5 p\u00e5 varandra, och stadgeenligt utlysta, sammantr\u00e4den. Antalet medlemmar vid varje s\u00e5dant sammantr\u00e4de f\u00e5r inte understiga \u00be av klubbens totala medlemsantal.<br \/>\nI h\u00e4ndelse av klubbens uppl\u00f6sning skall eventuella tillg\u00e5ngar sk\u00e4nkas till v\u00e4lg\u00f6rande \u00e4ndam\u00e5l efter beslut av medlemmarna i samband med klubbens uppl\u00f6sning.<\/p>\n","protected":false},"excerpt":{"rendered":"<p>1. \u00c4NDAM\u00c5L Svenska H\u00e4stsportjournalisters Klubb (SHK) \u00e4r en intresse- och serviceorganisation f\u00f6r landets trav- och galoppjournalister. SHK har till uppgift: att verka f\u00f6r god sammanh\u00e5llning och gott kamratskap mellan medlemmarna, att sl\u00e5 vakt om yrkets etiska och moraliska v\u00e4rden samt d\u00e4rigenom verka f\u00f6r att h\u00e4stsportjournalistiken ut\u00f6vas enligt god publicistisk sed, att tillvarata medlemmarnas intressen i &hellip; <a href=\"http:\/\/shk.nu\/?page_id=33\" class=\"more-link\">Continue reading <span class=\"screen-reader-text\">Klubbens stadgar<\/span> <span class=\"meta-nav\">&rarr;<\/span><\/a><\/p>\n","protected":false},"author":2,"featured_media":0,"parent":0,"menu_order":0,"comment_status":"closed","ping_status":"closed","template":"","meta":{"footnotes":""},"_links":{"self":[{"href":"http:\/\/shk.nu\/index.php?rest_route=\/wp\/v2\/pages\/33"}],"collection":[{"href":"http:\/\/shk.nu\/index.php?rest_route=\/wp\/v2\/pages"}],"about":[{"href":"http:\/\/shk.nu\/index.php?rest_route=\/wp\/v2\/types\/page"}],"author":[{"embeddable":true,"href":"http:\/\/shk.nu\/index.php?rest_route=\/wp\/v2\/users\/2"}],"replies":[{"embeddable":true,"href":"http:\/\/shk.nu\/index.php?rest_route=%2Fwp%2Fv2%2Fcomments&post=33"}],"version-history":[{"count":4,"href":"http:\/\/shk.nu\/index.php?rest_route=\/wp\/v2\/pages\/33\/revisions"}],"predecessor-version":[{"id":290,"href":"http:\/\/shk.nu\/index.php?rest_route=\/wp\/v2\/pages\/33\/revisions\/290"}],"wp:attachment":[{"href":"http:\/\/shk.nu\/index.php?rest_route=%2Fwp%2Fv2%2Fmedia&parent=33"}],"curies":[{"name":"wp","href":"https:\/\/api.w.org\/{rel}","templated":true}]}}