{"id":9,"date":"2014-06-28T18:26:03","date_gmt":"2014-06-28T18:26:03","guid":{"rendered":"http:\/\/shk.nu\/?page_id=9"},"modified":"2017-02-23T12:19:36","modified_gmt":"2017-02-23T12:19:36","slug":"bli-medlem","status":"publish","type":"page","link":"http:\/\/shk.nu\/?page_id=9","title":{"rendered":"Bli medlem"},"content":{"rendered":"<p>F\u00f6rser du \u00f6vriga v\u00e4rlden med text och bild fr\u00e5n h\u00e4stsportens underbara v\u00e4rld?<\/p>\n<p>Se till att bli medlem i v\u00e5r f\u00f6rening.<\/p>\n<p>Ans\u00f6kan skickar du till v\u00e5r ordf\u00f6rande Jerry Nilsson,<br \/>\n<a href=\"mailto:jerry.nilsson@bltsydostran.se\">jerry.nilsson@bltsydostran.se<\/a><\/p>\n<p>F\u00f6reningens bankgironummer \u00e4r 375-5303.<\/p>\n","protected":false},"excerpt":{"rendered":"<p>F\u00f6rser du \u00f6vriga v\u00e4rlden med text och bild fr\u00e5n h\u00e4stsportens underbara v\u00e4rld? Se till att bli medlem i v\u00e5r f\u00f6rening. Ans\u00f6kan skickar du till v\u00e5r ordf\u00f6rande Jerry Nilsson, jerry.nilsson@bltsydostran.se F\u00f6reningens bankgironummer \u00e4r 375-5303.<\/p>\n","protected":false},"author":2,"featured_media":0,"parent":0,"menu_order":0,"comment_status":"closed","ping_status":"closed","template":"","meta":{"footnotes":""},"_links":{"self":[{"href":"http:\/\/shk.nu\/index.php?rest_route=\/wp\/v2\/pages\/9"}],"collection":[{"href":"http:\/\/shk.nu\/index.php?rest_route=\/wp\/v2\/pages"}],"about":[{"href":"http:\/\/shk.nu\/index.php?rest_route=\/wp\/v2\/types\/page"}],"author":[{"embeddable":true,"href":"http:\/\/shk.nu\/index.php?rest_route=\/wp\/v2\/users\/2"}],"replies":[{"embeddable":true,"href":"http:\/\/shk.nu\/index.php?rest_route=%2Fwp%2Fv2%2Fcomments&post=9"}],"version-history":[{"count":7,"href":"http:\/\/shk.nu\/index.php?rest_route=\/wp\/v2\/pages\/9\/revisions"}],"predecessor-version":[{"id":497,"href":"http:\/\/shk.nu\/index.php?rest_route=\/wp\/v2\/pages\/9\/revisions\/497"}],"wp:attachment":[{"href":"http:\/\/shk.nu\/index.php?rest_route=%2Fwp%2Fv2%2Fmedia&parent=9"}],"curies":[{"name":"wp","href":"https:\/\/api.w.org\/{rel}","templated":true}]}}