{"id":15,"date":"2014-06-28T18:26:25","date_gmt":"2014-06-28T18:26:25","guid":{"rendered":"http:\/\/shk.nu\/?page_id=15"},"modified":"2015-05-02T09:15:41","modified_gmt":"2015-05-02T09:15:41","slug":"hem","status":"publish","type":"page","link":"https:\/\/shk.nu\/","title":{"rendered":"Hem"},"content":{"rendered":"<h3><img decoding=\"async\" loading=\"lazy\" class=\"alignnone size-full wp-image-69\" src=\"http:\/\/shk.nu\/wp-content\/uploads\/2014\/06\/shk_logga_web.jpg\" alt=\"Utskrift\" width=\"150\" height=\"150\" srcset=\"https:\/\/shk.nu\/wp-content\/uploads\/2014\/06\/shk_logga_web.jpg 150w, https:\/\/shk.nu\/wp-content\/uploads\/2014\/06\/shk_logga_web-266x266.jpg 266w, https:\/\/shk.nu\/wp-content\/uploads\/2014\/06\/shk_logga_web-64x64.jpg 64w, https:\/\/shk.nu\/wp-content\/uploads\/2014\/06\/shk_logga_web-26x26.jpg 26w, https:\/\/shk.nu\/wp-content\/uploads\/2014\/06\/shk_logga_web-32x32.jpg 32w, https:\/\/shk.nu\/wp-content\/uploads\/2014\/06\/shk_logga_web-90x90.jpg 90w, https:\/\/shk.nu\/wp-content\/uploads\/2014\/06\/shk_logga_web-55x55.jpg 55w, https:\/\/shk.nu\/wp-content\/uploads\/2014\/06\/shk_logga_web-24x24.jpg 24w, https:\/\/shk.nu\/wp-content\/uploads\/2014\/06\/shk_logga_web-18x18.jpg 18w\" sizes=\"(max-width: 150px) 100vw, 150px\" \/><\/h3>\n<h3>V\u00e4lkommen<\/h3>\n<p>Svenska H\u00e4stsportjournalisters Klubb (SHK) \u00e4r en intresse- och serviceorganisation f\u00f6r landets trav- och galoppjournalister.<\/p>\n","protected":false},"excerpt":{"rendered":"<p>V\u00e4lkommen Svenska H\u00e4stsportjournalisters Klubb (SHK) \u00e4r en intresse- och serviceorganisation f\u00f6r landets trav- och galoppjournalister.<\/p>\n","protected":false},"author":2,"featured_media":0,"parent":0,"menu_order":0,"comment_status":"closed","ping_status":"closed","template":"","meta":{"footnotes":""},"_links":{"self":[{"href":"https:\/\/shk.nu\/index.php?rest_route=\/wp\/v2\/pages\/15"}],"collection":[{"href":"https:\/\/shk.nu\/index.php?rest_route=\/wp\/v2\/pages"}],"about":[{"href":"https:\/\/shk.nu\/index.php?rest_route=\/wp\/v2\/types\/page"}],"author":[{"embeddable":true,"href":"https:\/\/shk.nu\/index.php?rest_route=\/wp\/v2\/users\/2"}],"replies":[{"embeddable":true,"href":"https:\/\/shk.nu\/index.php?rest_route=%2Fwp%2Fv2%2Fcomments&post=15"}],"version-history":[{"count":3,"href":"https:\/\/shk.nu\/index.php?rest_route=\/wp\/v2\/pages\/15\/revisions"}],"predecessor-version":[{"id":289,"href":"https:\/\/shk.nu\/index.php?rest_route=\/wp\/v2\/pages\/15\/revisions\/289"}],"wp:attachment":[{"href":"https:\/\/shk.nu\/index.php?rest_route=%2Fwp%2Fv2%2Fmedia&parent=15"}],"curies":[{"name":"wp","href":"https:\/\/api.w.org\/{rel}","templated":true}]}}