{"id":24,"date":"2014-06-28T18:27:03","date_gmt":"2014-06-28T18:27:03","guid":{"rendered":"http:\/\/shk.nu\/?page_id=24"},"modified":"2026-03-11T10:11:45","modified_gmt":"2026-03-11T10:11:45","slug":"medlemmar","status":"publish","type":"page","link":"https:\/\/shk.nu\/?page_id=24","title":{"rendered":"Medlemmar"},"content":{"rendered":"<p>&nbsp;<\/p>\n<table dir=\"ltr\" style=\"height: 4927px;\" border=\"1\" width=\"359\" cellspacing=\"0\" cellpadding=\"0\" data-sheets-root=\"1\" data-sheets-baot=\"1\">\n<colgroup>\n<col width=\"185\" \/>\n<col width=\"172\" \/><\/colgroup>\n<tbody>\n<tr>\n<td>Maria<\/td>\n<td>Akraka<\/td>\n<\/tr>\n<tr>\n<td>Ingrid<\/td>\n<td>Andersson<\/td>\n<\/tr>\n<tr>\n<td>Patrik<\/td>\n<td>Andersson<\/td>\n<\/tr>\n<tr>\n<td>Tommy<\/td>\n<td>Andersson<\/td>\n<\/tr>\n<tr>\n<td>Mikael<\/td>\n<td>Armstrong<\/td>\n<\/tr>\n<tr>\n<td>Bj\u00f6rn<\/td>\n<td>Axelsson<\/td>\n<\/tr>\n<tr>\n<td>Kristofer<\/td>\n<td>Ax\u00e9n<\/td>\n<\/tr>\n<tr>\n<td>Arne<\/td>\n<td>Back<\/td>\n<\/tr>\n<tr>\n<td>Nadja<\/td>\n<td>Bellander<\/td>\n<\/tr>\n<tr>\n<td>Lennart<\/td>\n<td>Bengtsson<\/td>\n<\/tr>\n<tr>\n<td>Leif<\/td>\n<td>Berg<\/td>\n<\/tr>\n<tr>\n<td>Stefan<\/td>\n<td>Berggren<\/td>\n<\/tr>\n<tr>\n<td>Stefan<\/td>\n<td>Berglund<\/td>\n<\/tr>\n<tr>\n<td>Ulf<\/td>\n<td>Bertilsson<\/td>\n<\/tr>\n<tr>\n<td>Gustaf<\/td>\n<td>Bj\u00f6rck<\/td>\n<\/tr>\n<tr>\n<td>Magnus<\/td>\n<td>Blom<\/td>\n<\/tr>\n<tr>\n<td>Lars<\/td>\n<td>Bostedt<\/td>\n<\/tr>\n<tr>\n<td>Helena<\/td>\n<td>H\u00f6gberg Dahlbeck<\/td>\n<\/tr>\n<tr>\n<td>Leif<\/td>\n<td>Danielsson<\/td>\n<\/tr>\n<tr>\n<td>G\u00f6ran<\/td>\n<td>Dellbro<\/td>\n<\/tr>\n<tr>\n<td>G\u00f6ran<\/td>\n<td>Ek<\/td>\n<\/tr>\n<tr>\n<td>Anders<\/td>\n<td>Ekberg<\/td>\n<\/tr>\n<tr>\n<td>Even<\/td>\n<td>Elvenes<\/td>\n<\/tr>\n<tr>\n<td>Dennis<\/td>\n<td>Engelbo<\/td>\n<\/tr>\n<tr>\n<td>P-G<\/td>\n<td>Engemoen<\/td>\n<\/tr>\n<tr>\n<td>Thomas<\/td>\n<td>Engman<\/td>\n<\/tr>\n<tr>\n<td>Anders<\/td>\n<td>Engman<\/td>\n<\/tr>\n<tr>\n<td>Lennart<\/td>\n<td>Eriksson<\/td>\n<\/tr>\n<tr>\n<td>M\u00e5rten<\/td>\n<td>Eriksson<\/td>\n<\/tr>\n<tr>\n<td>Roland<\/td>\n<td>Falk<\/td>\n<\/tr>\n<tr>\n<td>Patrik<\/td>\n<td>Fernlund<\/td>\n<\/tr>\n<tr>\n<td>Bengt<\/td>\n<td>Forsling<\/td>\n<\/tr>\n<tr>\n<td>Anders<\/td>\n<td>Fredriksson<\/td>\n<\/tr>\n<tr>\n<td>Per<\/td>\n<td>Fr\u00f6ssevi<\/td>\n<\/tr>\n<tr>\n<td>Michael<\/td>\n<td>Gustafsson<\/td>\n<\/tr>\n<tr>\n<td>Nils<\/td>\n<td>G\u00f6ransson<\/td>\n<\/tr>\n<tr>\n<td>Zebastian<\/td>\n<td>Hagberg<\/td>\n<\/tr>\n<tr>\n<td>Ralf<\/td>\n<td>Hanold<\/td>\n<\/tr>\n<tr>\n<td>Rickard<\/td>\n<td>Hansson<\/td>\n<\/tr>\n<tr>\n<td>Eskil<\/td>\n<td>Hellberg<\/td>\n<\/tr>\n<tr>\n<td>Andreas<\/td>\n<td>Henriksson<\/td>\n<\/tr>\n<tr>\n<td>Richard<\/td>\n<td>Hjellstr\u00f6m<\/td>\n<\/tr>\n<tr>\n<td>Lars-Johan<\/td>\n<td>Holm<\/td>\n<\/tr>\n<tr>\n<td>Maria<\/td>\n<td>Holm\u00e9n<\/td>\n<\/tr>\n<tr>\n<td>B\u00f6rje<\/td>\n<td>Holmqvist<\/td>\n<\/tr>\n<tr>\n<td>Lars-Erik<\/td>\n<td>Jakobsson<\/td>\n<\/tr>\n<tr>\n<td>Peter<\/td>\n<td>Jansson<\/td>\n<\/tr>\n<tr>\n<td>Johan<\/td>\n<td>Johansson<\/td>\n<\/tr>\n<tr>\n<td>Ola<\/td>\n<td>Johansson<\/td>\n<\/tr>\n<tr>\n<td>Per-Anders<\/td>\n<td>Johansson<\/td>\n<\/tr>\n<tr>\n<td>Robin<\/td>\n<td>Johansson<\/td>\n<\/tr>\n<tr>\n<td>Bengt<\/td>\n<td>Jonsson<\/td>\n<\/tr>\n<tr>\n<td>Agne<\/td>\n<td>J\u00e4levik<\/td>\n<\/tr>\n<tr>\n<td>Andreas<\/td>\n<td>J\u00f6nsson<\/td>\n<\/tr>\n<tr>\n<td>Hasse<\/td>\n<td>Karlsson<\/td>\n<\/tr>\n<tr>\n<td>Lars<\/td>\n<td>Karlsson<\/td>\n<\/tr>\n<tr>\n<td>Peter<\/td>\n<td>Kastensson<\/td>\n<\/tr>\n<tr>\n<td>Lennart<\/td>\n<td>Kihlman<\/td>\n<\/tr>\n<tr>\n<td>Urban<\/td>\n<td>Kihlman<\/td>\n<\/tr>\n<tr>\n<td>Martin<\/td>\n<td>K\u00e4llberg<\/td>\n<\/tr>\n<tr>\n<td>Gunnila<\/td>\n<td>K\u00f6nig<\/td>\n<\/tr>\n<tr>\n<td>Martin<\/td>\n<td>Langels<\/td>\n<\/tr>\n<tr>\n<td>Anders<\/td>\n<td>Larsson<\/td>\n<\/tr>\n<tr>\n<td>Bengt-Erik<\/td>\n<td>Larsson<\/td>\n<\/tr>\n<tr>\n<td>Lukas<\/td>\n<td>Svedin<\/td>\n<\/tr>\n<tr>\n<td>P\u00e4r<\/td>\n<td>Gustafsson<\/td>\n<\/tr>\n<tr>\n<td>Victor<\/td>\n<td>Sundberg<\/td>\n<\/tr>\n<tr>\n<td>Gert<\/td>\n<td>Lengstrand<\/td>\n<\/tr>\n<tr>\n<td>Fredric<\/td>\n<td>Lindman<\/td>\n<\/tr>\n<tr>\n<td>Joakim<\/td>\n<td>Lindqvist<\/td>\n<\/tr>\n<tr>\n<td>G\u00f6ran<\/td>\n<td>Lindskog<\/td>\n<\/tr>\n<tr>\n<td>Hans G<\/td>\n<td>Lindskog<\/td>\n<\/tr>\n<tr>\n<td>Anders<\/td>\n<td>Lindqvist<\/td>\n<\/tr>\n<tr>\n<td>Anders<\/td>\n<td>Malmrot<\/td>\n<\/tr>\n<tr>\n<td>Helena<\/td>\n<td>Mans\u00e9n<\/td>\n<\/tr>\n<tr>\n<td>Bj\u00f6rn<\/td>\n<td>Martinsson<\/td>\n<\/tr>\n<tr>\n<td>Lars<\/td>\n<td>Melander<\/td>\n<\/tr>\n<tr>\n<td>Anders<\/td>\n<td>Naeselius<\/td>\n<\/tr>\n<tr>\n<td>Christer<\/td>\n<td>Nilsson<\/td>\n<\/tr>\n<tr>\n<td>Jerry<\/td>\n<td>Nilsson<\/td>\n<\/tr>\n<tr>\n<td>Per-Olof<\/td>\n<td>Nilsson<\/td>\n<\/tr>\n<tr>\n<td>Willy<\/td>\n<td>Nilsson<\/td>\n<\/tr>\n<tr>\n<td>Leif<\/td>\n<td>Norberg<\/td>\n<\/tr>\n<tr>\n<td>Anders<\/td>\n<td>Nordqvist<\/td>\n<\/tr>\n<tr>\n<td>Roger<\/td>\n<td>Nygren<\/td>\n<\/tr>\n<tr>\n<td>Lasse<\/td>\n<td>Olofsson<\/td>\n<\/tr>\n<tr>\n<td>Daniel<\/td>\n<td>Olsson<\/td>\n<\/tr>\n<tr>\n<td>Matts<\/td>\n<td>Olsson<\/td>\n<\/tr>\n<tr>\n<td>Fredrik<\/td>\n<td>Otter<\/td>\n<\/tr>\n<tr>\n<td>Emil<\/td>\n<td>Persson<\/td>\n<\/tr>\n<tr>\n<td>Lars B<\/td>\n<td>Persson<\/td>\n<\/tr>\n<tr>\n<td>Lars-Ove<\/td>\n<td>Pettersson<\/td>\n<\/tr>\n<tr>\n<td>Mikael<\/td>\n<td>Rosenquist<\/td>\n<\/tr>\n<tr>\n<td>Anders<\/td>\n<td>Sj\u00f6din<\/td>\n<\/tr>\n<tr>\n<td>Patrick<\/td>\n<td>Sj\u00f6\u00f6<\/td>\n<\/tr>\n<tr>\n<td>Bj\u00f6rn<\/td>\n<td>Skarpsv\u00e4rd<\/td>\n<\/tr>\n<tr>\n<td>Mikael<\/td>\n<td>Solberger<\/td>\n<\/tr>\n<tr>\n<td>Ingemar<\/td>\n<td>Sterner<\/td>\n<\/tr>\n<tr>\n<td>Adam<\/td>\n<td>Str\u00f6m<\/td>\n<\/tr>\n<tr>\n<td>Magnus<\/td>\n<td>Str\u00f6msten<\/td>\n<\/tr>\n<tr>\n<td>H\u00e5kan<\/td>\n<td>Sundberg<\/td>\n<\/tr>\n<tr>\n<td>Pelle<\/td>\n<td>Sundberg<\/td>\n<\/tr>\n<tr>\n<td>Roger<\/td>\n<td>Sundvisson<\/td>\n<\/tr>\n<tr>\n<td>Lars<\/td>\n<td>Taube<\/td>\n<\/tr>\n<tr>\n<td><\/td>\n<td><\/td>\n<\/tr>\n<tr>\n<td>Ola<\/td>\n<td>Thimr\u00e9n<\/td>\n<\/tr>\n<tr>\n<td>J\u00f6rgen<\/td>\n<td>Tufvesson<\/td>\n<\/tr>\n<tr>\n<td>Willy<\/td>\n<td>Klaesson<\/td>\n<\/tr>\n<tr>\n<td>Tess<\/td>\n<td>Ulander<\/td>\n<\/tr>\n<tr>\n<td>Lars<\/td>\n<td>Wester<\/td>\n<\/tr>\n<tr>\n<td>Mikael<\/td>\n<td>Wikner<\/td>\n<\/tr>\n<tr>\n<td>Tommie<\/td>\n<td>\u00c5kergren<\/td>\n<\/tr>\n<tr>\n<td>Ilse<\/td>\n<td>\u00d6sterwall<\/td>\n<\/tr>\n<tr>\n<td>Claes<\/td>\n<td>K\u00e4rrstrand<\/td>\n<\/tr>\n<tr>\n<td>Matilda<\/td>\n<td>\u00d6hrman<\/td>\n<\/tr>\n<tr>\n<td>Mattias<\/td>\n<td>Holmgren<\/td>\n<\/tr>\n<tr>\n<td>Gert<\/td>\n<td>Zethson<\/td>\n<\/tr>\n<tr>\n<td>Lena<\/td>\n<td>Emmoth<\/td>\n<\/tr>\n<tr>\n<td>Helena<\/td>\n<td>Dubia<\/td>\n<\/tr>\n<tr>\n<td>Joakim<\/td>\n<td>Svensson<\/td>\n<\/tr>\n<tr>\n<td>Dennis<\/td>\n<td>Palmqvist<\/td>\n<\/tr>\n<tr>\n<td>Kurt<\/td>\n<td>Einev\u00e5g<\/td>\n<\/tr>\n<tr>\n<td>Lukas<\/td>\n<td>Berggren<\/td>\n<\/tr>\n<tr>\n<td>Jakob<\/td>\n<td>Ericsson<\/td>\n<\/tr>\n<tr>\n<td>Claes<\/td>\n<td>Freidenvall<\/td>\n<\/tr>\n<tr>\n<td>Mathias<\/td>\n<td>Hedlund<\/td>\n<\/tr>\n<tr>\n<td>Jeannie<\/td>\n<td>Karlsson<\/td>\n<\/tr>\n<tr>\n<td>Ludvig<\/td>\n<td>Bergman<\/td>\n<\/tr>\n<tr>\n<td>Hans<\/td>\n<td>Engblom<\/td>\n<\/tr>\n<tr>\n<td>Ulf<\/td>\n<td>Lindstr\u00f6m<\/td>\n<\/tr>\n<tr>\n<td>Kenth<\/td>\n<td>Pettersson<\/td>\n<\/tr>\n<tr>\n<td>Thomas<\/td>\n<td>Blomqvist<\/td>\n<\/tr>\n<tr>\n<td>Kjelle<\/td>\n<td>Svensson<\/td>\n<\/tr>\n<tr>\n<td>Jonathan<\/td>\n<td>Grudd<\/td>\n<\/tr>\n<tr>\n<td>Johan<\/td>\n<td>Bergman<\/td>\n<\/tr>\n<tr>\n<td>Patrik<\/td>\n<td>Nord<\/td>\n<\/tr>\n<tr>\n<td>Zandra<\/td>\n<td>Sundman<\/td>\n<\/tr>\n<tr>\n<td>Hans<\/td>\n<td>Svennehed<\/td>\n<\/tr>\n<tr>\n<td>Markus<\/td>\n<td>Jalsborn<\/td>\n<\/tr>\n<tr>\n<td>Jonas<\/td>\n<td>M\u00f6ller<\/td>\n<\/tr>\n<tr>\n<td>Peter<\/td>\n<td>Andersson<\/td>\n<\/tr>\n<tr>\n<td>Maria<\/td>\n<td>Kemi<\/td>\n<\/tr>\n<tr>\n<td>Hanna<\/td>\n<td>Norring<\/td>\n<\/tr>\n<tr>\n<td>Daniel<\/td>\n<td>Karlsson<\/td>\n<\/tr>\n<tr>\n<td>Kjelle<\/td>\n<td>K\u00e4llman<\/td>\n<\/tr>\n<tr>\n<td>Lars<\/td>\n<td>Jakobsson<\/td>\n<\/tr>\n<tr>\n<td>Henrik<\/td>\n<td>Lundell<\/td>\n<\/tr>\n<tr>\n<td>Bengt<\/td>\n<td>Adielsson<\/td>\n<\/tr>\n<tr>\n<td>Erik<\/td>\n<td>Ivares<\/td>\n<\/tr>\n<tr>\n<td>Andreas<\/td>\n<td>Alm<\/td>\n<\/tr>\n<tr>\n<td>Mathias<\/td>\n<td>Blomquist<\/td>\n<\/tr>\n<tr>\n<td>Mio<\/td>\n<td>Lind<\/td>\n<\/tr>\n<tr>\n<td>Lennart<\/td>\n<td>Persson<\/td>\n<\/tr>\n<tr>\n<td>Lena<\/td>\n<td>Myrenius<\/td>\n<\/tr>\n<tr>\n<td>Kristofer<\/td>\n<td>Ax\u00e9n<\/td>\n<\/tr>\n<tr>\n<td>Niclas<\/td>\n<td>Andersson<\/td>\n<\/tr>\n<tr>\n<td>Amie<\/td>\n<td>Karlsson<\/td>\n<\/tr>\n<tr>\n<td>Tobias<\/td>\n<td>Nilsson<\/td>\n<\/tr>\n<tr>\n<td>Niclas<\/td>\n<td>Cronberg<\/td>\n<\/tr>\n<tr>\n<td>Daniel<\/td>\n<td>Berglund<\/td>\n<\/tr>\n<tr>\n<td>Sofia<\/td>\n<td>Nystr\u00f6m<\/td>\n<\/tr>\n<tr>\n<td>Mia<\/td>\n<td>T\u00f6rnberg<\/td>\n<\/tr>\n<tr>\n<td>Bengt-Olov<\/td>\n<td>Hansson<\/td>\n<\/tr>\n<tr>\n<td>Jonas<\/td>\n<td>Noreen<\/td>\n<\/tr>\n<tr>\n<td>Idar<\/td>\n<td>Aasen<\/td>\n<\/tr>\n<tr>\n<td>Lena<\/td>\n<td>Karlsson<\/td>\n<\/tr>\n<tr>\n<td>Larne<\/td>\n<td>Wallisson<\/td>\n<\/tr>\n<tr>\n<td>Jenny<\/td>\n<td>Rehnman<\/td>\n<\/tr>\n<tr>\n<td>Stefan<\/td>\n<td>Bergstr\u00f6m<\/td>\n<\/tr>\n<tr>\n<td>My<\/td>\n<td>Nilsson<\/td>\n<\/tr>\n<tr>\n<td>Roger<\/td>\n<td>Elebring<\/td>\n<\/tr>\n<tr>\n<td>Ylva<\/td>\n<td>Wel\u00e9n<\/td>\n<\/tr>\n<tr>\n<td>Jonathan<\/td>\n<td>\u00d6stlund<\/td>\n<\/tr>\n<tr>\n<td>Josefin<\/td>\n<td>Johansson<\/td>\n<\/tr>\n<tr>\n<td>Annika<\/td>\n<td>Niklasson Adolfsson<\/td>\n<\/tr>\n<tr>\n<td>M\u00e5rten<\/td>\n<td>Bergstr\u00f6m<\/td>\n<\/tr>\n<tr>\n<td>Mats<\/td>\n<td>Bergsten<\/td>\n<\/tr>\n<tr>\n<td>Elina<\/td>\n<td>Bj\u00f6rklund<\/td>\n<\/tr>\n<tr>\n<td>Per-Arne<\/td>\n<td>Chorell<\/td>\n<\/tr>\n<tr>\n<td>Helena<\/td>\n<td>Dahlbeck<\/td>\n<\/tr>\n<tr>\n<td>Joakim<\/td>\n<td>Brundin<\/td>\n<\/tr>\n<tr>\n<td>Linus<\/td>\n<td>Eriksson<\/td>\n<\/tr>\n<tr>\n<td>Catharina<\/td>\n<td>Flink Andersson<\/td>\n<\/tr>\n<tr>\n<td>Johan<\/td>\n<td>Jernroos<\/td>\n<\/tr>\n<tr>\n<td>Daniel<\/td>\n<td>Livensj\u00f6<\/td>\n<\/tr>\n<tr>\n<td>Anders<\/td>\n<td>Nilsson<\/td>\n<\/tr>\n<tr>\n<td>Bo<\/td>\n<td>Kilman<\/td>\n<\/tr>\n<tr>\n<td>Christer<\/td>\n<td>Andersson<\/td>\n<\/tr>\n<tr>\n<td>Lars<\/td>\n<td>Lindh<\/td>\n<\/tr>\n<\/tbody>\n<\/table>\n<p>&nbsp;<\/p>\n","protected":false},"excerpt":{"rendered":"<p>&nbsp; Maria Akraka Ingrid Andersson Patrik Andersson Tommy Andersson Mikael Armstrong Bj\u00f6rn Axelsson Kristofer Ax\u00e9n Arne Back Nadja Bellander Lennart Bengtsson Leif Berg Stefan Berggren Stefan Berglund Ulf Bertilsson Gustaf Bj\u00f6rck Magnus Blom Lars Bostedt Helena H\u00f6gberg Dahlbeck Leif Danielsson G\u00f6ran Dellbro G\u00f6ran Ek Anders Ekberg Even Elvenes Dennis Engelbo P-G Engemoen Thomas Engman Anders &hellip; <a href=\"https:\/\/shk.nu\/?page_id=24\" class=\"more-link\">Continue reading <span class=\"screen-reader-text\">Medlemmar<\/span> <span class=\"meta-nav\">&rarr;<\/span><\/a><\/p>\n","protected":false},"author":2,"featured_media":0,"parent":0,"menu_order":0,"comment_status":"closed","ping_status":"closed","template":"","meta":{"footnotes":""},"_links":{"self":[{"href":"https:\/\/shk.nu\/index.php?rest_route=\/wp\/v2\/pages\/24"}],"collection":[{"href":"https:\/\/shk.nu\/index.php?rest_route=\/wp\/v2\/pages"}],"about":[{"href":"https:\/\/shk.nu\/index.php?rest_route=\/wp\/v2\/types\/page"}],"author":[{"embeddable":true,"href":"https:\/\/shk.nu\/index.php?rest_route=\/wp\/v2\/users\/2"}],"replies":[{"embeddable":true,"href":"https:\/\/shk.nu\/index.php?rest_route=%2Fwp%2Fv2%2Fcomments&post=24"}],"version-history":[{"count":206,"href":"https:\/\/shk.nu\/index.php?rest_route=\/wp\/v2\/pages\/24\/revisions"}],"predecessor-version":[{"id":715,"href":"https:\/\/shk.nu\/index.php?rest_route=\/wp\/v2\/pages\/24\/revisions\/715"}],"wp:attachment":[{"href":"https:\/\/shk.nu\/index.php?rest_route=%2Fwp%2Fv2%2Fmedia&parent=24"}],"curies":[{"name":"wp","href":"https:\/\/api.w.org\/{rel}","templated":true}]}}