{"id":30,"date":"2014-06-28T18:27:30","date_gmt":"2014-06-28T18:27:30","guid":{"rendered":"http:\/\/shk.nu\/?page_id=30"},"modified":"2017-11-07T12:45:10","modified_gmt":"2017-11-07T12:45:10","slug":"shks-guldhast","status":"publish","type":"page","link":"https:\/\/shk.nu\/?page_id=30","title":{"rendered":"SHK:s Guldh\u00e4st"},"content":{"rendered":"<h3>SHK:s Guldh\u00e4st har delats ut 21 g\u00e5nger.<\/h3>\n<p>De som f\u00e5tt den \u00e4r:<\/p>\n<p><strong>Per K Eriksson<\/strong>\u00a0f\u00f6r hans Hambletoniantriumfer.<\/p>\n<p><strong>Stig H Johansson<\/strong>\u00a0f\u00f6r Prix d\u2019Am\u00e9riquesegern med Queen L.<\/p>\n<p><strong>Kjell P Dahlstr\u00f6m<\/strong>\u00a0f\u00f6r Ina Scot \u201dv\u00e4rldsrekord\u201d i raka segrar.<\/p>\n<p><strong>Erik Bergl\u00f6f<\/strong>\u00a0f\u00f6r Copiads tv\u00e5 Elitloppssegrar.<\/p>\n<p><strong>Helen Johansson<\/strong>\u00a0f\u00f6r Prix d\u2019Am\u00e9riquesegern med Ina Scot.<\/p>\n<p><strong>Gert Lindberg<\/strong>\u00a0f\u00f6r sitt goda samarbete med pressen.<\/p>\n<p><strong>\u00c5ke Svanstedt<\/strong>\u00a0f\u00f6r att som f\u00f6rste kusk i Sverige tagit mer \u00e4n 300 segrar.<\/p>\n<p><strong>Stefan Melander<\/strong>\u00a0f\u00f6r Hambletoniansegern med Scarlet Knight.<\/p>\n<p><strong>Berndt Lindstedt<\/strong>\u00a0f\u00f6r sina oerh\u00f6rda framg\u00e5ngar p\u00e5 travbanor b\u00e5de i Sverige och USA.<\/p>\n<p><strong>J\u00e4rvs\u00f6faks<\/strong>\u00a0f\u00f6r sitt \u201dv\u00e4rldsrekord\u201d i antalet raka segrar.<\/p>\n<p><strong>Stig Lindmark<\/strong>\u00a0f\u00f6r sina m\u00e5nga \u00e5r som en av landets skickligaste tr\u00e4nare och kuskar.<\/p>\n<p><strong>Bj\u00f6rn Goop<\/strong>\u00a0f\u00f6r att som f\u00f6rste kusk i Sverige tagit mer \u00e4n 500 segrar.<\/p>\n<p><strong>Lutfi Kolgjini<\/strong>\u00a0f\u00f6r sina framg\u00e5ngar och v\u00e4rldsrekordet med Going Kronos.<\/p>\n<p><strong>S\u00f6ren Nordin<\/strong>\u00a0f\u00f6r sin livsl\u00e5nga unika banbrytande g\u00e4rning i travsportens tj\u00e4nst &#8211; i s\u00e5v\u00e4l Sverige som resten av travv\u00e4rlden.<\/p>\n<p><strong>Johan Untersteiner<\/strong>\u00a0f\u00f6r uppvisande av stor kyla och rutin, trots sin ringa \u00e5lder, d\u00e5 han i ett ov\u00e4ntat l\u00e4ge skrev travhistoria.<\/p>\n<p><strong>Nils Enqvist<\/strong>\u00a0f\u00f6r exceptionella framg\u00e5ngar, framf\u00f6rallt internationellt, med sin h\u00e4st Opal Viking, och en i b\u00e5de med- och motg\u00e5ng st\u00e4ndigt professionell inst\u00e4llning till media.<\/p>\n<p><strong>Jimmy Takter<\/strong>\u00a0f\u00f6r en enast\u00e5ende tr\u00e4narkarri\u00e4r som omfattar segrar i de st\u00f6rsta och viktigaste loppen v\u00e4rlden \u00f6ver.<\/p>\n<p><strong>Olle Goop<\/strong>\u00a0f\u00f6r fantastiska och upprepade framg\u00e5ngar under flera \u00e5rtionden.<\/p>\n<p><strong>Remy Nilsson<\/strong>\u00a0som haft en betydande och framg\u00e5ngsrik roll f\u00f6r travet och spelets utveckling samt bidragit till ett behagligt samarbete mellan journalister och travadministrationen.<\/p>\n<p><strong>Margareta Wallenius-Kleberg<\/strong> har f\u00f6tt upp \u00f6ver 80 miljon\u00e4rer. Dessa har segrat i Kriteriet, Derbyt, Europaderbyt, Elitloppet och som kronan p\u00e5 verket,Prix d&#8217;Amerique. Hennes insatser i olika styrelsesammanhang inom travsporten \u00e4r ov\u00e4rderliga.<\/p>\n<p><strong>\u00d6rjan Kihlstr\u00f6m<\/strong> \u00e4r ett med h\u00e4sten. Hans k\u00f6rh\u00e4nder och k\u00e4nsla f\u00f6r h\u00e4sten kan beskrivas med ett ord \u2013 magi. Under 2016 vann han storlopp \u00f6ver hela v\u00e4rlden och k\u00f6rde som f\u00f6rste svenske kusk in \u00f6ver 50 miljoner kronor.<\/p>\n<p><strong>Torbj\u00f6rn Jansson<\/strong> gjorde det som ingen har lyckats med tidigare.\u00a0 Tack vare en seger i Karlshamn har han nu vunnit lopp p\u00e5 samtliga travbanor i Sverige.<\/p>\n","protected":false},"excerpt":{"rendered":"<p>SHK:s Guldh\u00e4st har delats ut 21 g\u00e5nger. De som f\u00e5tt den \u00e4r: Per K Eriksson\u00a0f\u00f6r hans Hambletoniantriumfer. Stig H Johansson\u00a0f\u00f6r Prix d\u2019Am\u00e9riquesegern med Queen L. Kjell P Dahlstr\u00f6m\u00a0f\u00f6r Ina Scot \u201dv\u00e4rldsrekord\u201d i raka segrar. Erik Bergl\u00f6f\u00a0f\u00f6r Copiads tv\u00e5 Elitloppssegrar. Helen Johansson\u00a0f\u00f6r Prix d\u2019Am\u00e9riquesegern med Ina Scot. Gert Lindberg\u00a0f\u00f6r sitt goda samarbete med pressen. \u00c5ke Svanstedt\u00a0f\u00f6r &hellip; <a href=\"https:\/\/shk.nu\/?page_id=30\" class=\"more-link\">Continue reading <span class=\"screen-reader-text\">SHK:s Guldh\u00e4st<\/span> <span class=\"meta-nav\">&rarr;<\/span><\/a><\/p>\n","protected":false},"author":2,"featured_media":0,"parent":0,"menu_order":0,"comment_status":"closed","ping_status":"closed","template":"","meta":{"footnotes":""},"_links":{"self":[{"href":"https:\/\/shk.nu\/index.php?rest_route=\/wp\/v2\/pages\/30"}],"collection":[{"href":"https:\/\/shk.nu\/index.php?rest_route=\/wp\/v2\/pages"}],"about":[{"href":"https:\/\/shk.nu\/index.php?rest_route=\/wp\/v2\/types\/page"}],"author":[{"embeddable":true,"href":"https:\/\/shk.nu\/index.php?rest_route=\/wp\/v2\/users\/2"}],"replies":[{"embeddable":true,"href":"https:\/\/shk.nu\/index.php?rest_route=%2Fwp%2Fv2%2Fcomments&post=30"}],"version-history":[{"count":7,"href":"https:\/\/shk.nu\/index.php?rest_route=\/wp\/v2\/pages\/30\/revisions"}],"predecessor-version":[{"id":513,"href":"https:\/\/shk.nu\/index.php?rest_route=\/wp\/v2\/pages\/30\/revisions\/513"}],"wp:attachment":[{"href":"https:\/\/shk.nu\/index.php?rest_route=%2Fwp%2Fv2%2Fmedia&parent=30"}],"curies":[{"name":"wp","href":"https:\/\/api.w.org\/{rel}","templated":true}]}}